{"id":4135,"date":"2025-01-09T13:53:14","date_gmt":"2025-01-09T13:53:14","guid":{"rendered":"https:\/\/determined-kepler.212-227-55-109.plesk.page\/?page_id=4135"},"modified":"2025-01-20T18:29:02","modified_gmt":"2025-01-20T18:29:02","slug":"impressum","status":"publish","type":"page","link":"https:\/\/fv-hafen.de\/?page_id=4135","title":{"rendered":"Impressum"},"content":{"rendered":"<div data-colibri-id=\"4135-c1\" class=\"style-1028 style-local-4135-c1 position-relative\">\n  <!---->\n  <div data-colibri-component=\"section\" data-colibri-id=\"4135-c2\" id=\"custom\" class=\"h-section h-section-global-spacing d-flex align-items-lg-center align-items-md-center align-items-center style-1029 style-local-4135-c2 position-relative\">\n    <!---->\n    <!---->\n    <div class=\"h-section-grid-container h-section-boxed-container\">\n      <div data-colibri-id=\"4135-c6\" class=\"h-row-container gutters-row-lg-2 gutters-row-md-2 gutters-row-0 gutters-row-v-lg-2 gutters-row-v-md-2 gutters-row-v-2 style-1035 style-local-4135-c6 position-relative\">\n        <!---->\n        <div class=\"h-row justify-content-lg-center justify-content-md-center justify-content-center align-items-lg-stretch align-items-md-stretch align-items-stretch gutters-col-lg-2 gutters-col-md-2 gutters-col-0 gutters-col-v-lg-2 gutters-col-v-md-2 gutters-col-v-2\">\n          <!---->\n          <div class=\"h-column h-column-container d-flex h-col-lg-auto h-col-md-auto h-col-auto style-1036-outer style-local-4135-c7-outer\">\n            <div data-colibri-id=\"4135-c7\" class=\"d-flex h-flex-basis h-column__inner h-px-lg-2 h-px-md-2 h-px-2 v-inner-lg-2 v-inner-md-2 v-inner-2 style-1036 style-local-4135-c7 position-relative\">\n              <!---->\n              <!---->\n              <div class=\"w-100 h-y-container h-column__content h-column__v-align flex-basis-100 align-self-lg-start align-self-md-start align-self-start\">\n                <!---->\n                <div data-colibri-id=\"4135-c8\" class=\"h-global-transition-all h-heading style-1037 style-local-4135-c8 position-relative h-element\">\n                  <!---->\n                  <div class=\"h-heading__outer style-1037 style-local-4135-c8\">\n                    <!---->\n                    <!---->\n                    <h2 class=\"\"><span style=\"color: rgb(7, 32, 247);\">Impressum<\/span><\/h2>\n                  <\/div>\n                <\/div>\n              <\/div>\n            <\/div>\n          <\/div>\n        <\/div>\n      <\/div>\n      <div data-colibri-id=\"4135-c3\" class=\"h-row-container gutters-row-lg-2 gutters-row-md-2 gutters-row-0 gutters-row-v-lg-2 gutters-row-v-md-2 gutters-row-v-2 style-1032 style-local-4135-c3 position-relative\">\n        <!---->\n        <div class=\"h-row justify-content-lg-center justify-content-md-center justify-content-center align-items-lg-stretch align-items-md-stretch align-items-stretch gutters-col-lg-2 gutters-col-md-2 gutters-col-0 gutters-col-v-lg-2 gutters-col-v-md-2 gutters-col-v-2\">\n          <!---->\n          <div class=\"h-column h-column-container d-flex h-col-lg-auto h-col-md-auto h-col-auto style-1033-outer style-local-4135-c4-outer\">\n            <div data-colibri-id=\"4135-c4\" class=\"d-flex h-flex-basis h-column__inner h-px-lg-2 h-px-md-2 h-px-2 v-inner-lg-2 v-inner-md-2 v-inner-2 style-1033 style-local-4135-c4 position-relative\">\n              <!---->\n              <!---->\n              <div class=\"w-100 h-y-container h-column__content h-column__v-align flex-basis-100 align-self-lg-start align-self-md-start align-self-start\">\n                <!---->\n                <div data-colibri-id=\"4135-c5\" class=\"h-text h-text-component style-1034 style-local-4135-c5 position-relative h-element\">\n                  <!---->\n                  <!---->\n                  <div class=\"\">\n                    <h4><strong>Anschrift\/Vereinssitz\/Sportst\u00e4tte:<\/strong>&nbsp;<\/h4>\n                    <p>FV Hafen Dresden e.V.\n                      <br>Saalhausener Str. 30\n                      <br>01159 Dresden<\/p>\n                    <h4><strong>Kontakt:<\/strong><\/h4>\n                    <p>E-Mail: verein@fv-hafen.de<\/p>\n                    <h4><strong>vertreten durch:<\/strong><\/h4>\n                    <p>Andreas Kramer (Pr\u00e4sident)\n                      <br>Oliver Marr (Vizepr\u00e4sident)\n                      <br>Marcus Zsch\u00e4tzsch (Schatzmeister)<\/p>\n                    <h4><strong>Finanzamt Dresden<\/strong>:<\/h4>\n                    <p>Steuernummer: 206\/141\/10464<\/p>\n                    <h4><strong>Amtsgericht Dresden<\/strong>:<\/h4>\n                    <p>VR 753<\/p>\n                    <h4><strong>Haftungsausschluss<\/strong>:<\/h4>\n                    <p>Alle Informationen, die sich auf diesen Webseiten befinden, haben wir mit gr\u00f6\u00dfter Sorgfalt ausgew\u00e4hlt. Wir \u00fcbernehmen keine Gew\u00e4hr f\u00fcr die Aktualit\u00e4t, Korrektheit, Vollst\u00e4ndigkeit und Qualit\u00e4t bereitgestellter Informationen. Haftungsanspr\u00fcche\n                      Dritter gegen uns, welche sich auf Sch\u00e4den jedweder Art beziehen und durch die Nutzung der bereitgestellten Daten bzw. durch die Nutzung fehlerhafter und unvollst\u00e4ndiger Informationen verursacht wurden schlie\u00dfen wir grunds\u00e4tzlich\n                      aus. Sofern von unserer Seite kein nachweislich vors\u00e4tzliches oder grob fahrl\u00e4ssiges Verschulden vorliegt. Eine Verwendung der bereitgestellten Informationen erfolgt prinzipiell auf eigenes Risiko und eigene Verantwortung.&nbsp;<\/p>\n                    <p>Alle Angebote sind freibleibend und unverbindlich. Wir behalten es uns ausdr\u00fccklich vor, Teile der Seiten oder das gesamte Angebot ohne gesonderte Ank\u00fcndigung zu ver\u00e4ndern, zu erg\u00e4nzen, zu l\u00f6schen oder die Ver\u00f6ffentlichung zeitweise\n                      oder endg\u00fcltig einzustellen.<\/p>\n                    <h4><strong>Urheberrechtliche Hinweise:<\/strong><\/h4>\n                    <p>FV Hafen Dresden e.V.\n                      <br>Saalhausener Str. 30\n                      <br>01159 Dresden<\/p>\n                    <h4><strong>Inhaltlich verantwortlich ist:<\/strong><\/h4>\n                    <p>FV Hafen Dresden e.V.\n                      <br>Saalhausener Str. 30\n                      <br>01159 Dresden<\/p>\n                  <\/div>\n                <\/div>\n              <\/div>\n            <\/div>\n          <\/div>\n        <\/div>\n      <\/div>\n    <\/div>\n  <\/div>\n<\/div>","protected":false},"excerpt":{"rendered":"<p>Impressum Anschrift\/Vereinssitz\/Sportst\u00e4tte:&nbsp; FV Hafen Dresden e.V. Saalhausener Str. 30 01159 Dresden Kontakt: E-Mail: verein@fv-hafen.de vertreten durch: Andreas Kramer (Pr\u00e4sident) Oliver Marr (Vizepr\u00e4sident) Marcus Zsch\u00e4tzsch (Schatzmeister) Finanzamt Dresden: Steuernummer: 206\/141\/10464 Amtsgericht Dresden: VR 753 Haftungsausschluss: Alle Informationen, die sich auf diesen Webseiten befinden, haben wir mit gr\u00f6\u00dfter Sorgfalt ausgew\u00e4hlt. Wir \u00fcbernehmen keine Gew\u00e4hr f\u00fcr die Aktualit\u00e4t, [&hellip;]<\/p>\n","protected":false},"author":1,"featured_media":0,"parent":0,"menu_order":0,"comment_status":"closed","ping_status":"closed","template":"page-templates\/full-width-page.php","meta":{"footnotes":""},"class_list":["post-4135","page","type-page","status-publish","hentry"],"jetpack_sharing_enabled":true,"_links":{"self":[{"href":"https:\/\/fv-hafen.de\/index.php?rest_route=\/wp\/v2\/pages\/4135","targetHints":{"allow":["GET"]}}],"collection":[{"href":"https:\/\/fv-hafen.de\/index.php?rest_route=\/wp\/v2\/pages"}],"about":[{"href":"https:\/\/fv-hafen.de\/index.php?rest_route=\/wp\/v2\/types\/page"}],"author":[{"embeddable":true,"href":"https:\/\/fv-hafen.de\/index.php?rest_route=\/wp\/v2\/users\/1"}],"replies":[{"embeddable":true,"href":"https:\/\/fv-hafen.de\/index.php?rest_route=%2Fwp%2Fv2%2Fcomments&post=4135"}],"version-history":[{"count":4,"href":"https:\/\/fv-hafen.de\/index.php?rest_route=\/wp\/v2\/pages\/4135\/revisions"}],"predecessor-version":[{"id":4399,"href":"https:\/\/fv-hafen.de\/index.php?rest_route=\/wp\/v2\/pages\/4135\/revisions\/4399"}],"wp:attachment":[{"href":"https:\/\/fv-hafen.de\/index.php?rest_route=%2Fwp%2Fv2%2Fmedia&parent=4135"}],"curies":[{"name":"wp","href":"https:\/\/api.w.org\/{rel}","templated":true}]}}